{"id":86,"date":"2022-10-26T12:47:02","date_gmt":"2022-10-26T10:47:02","guid":{"rendered":"http:\/\/localhost:8888\/tangorra-wp\/?page_id=86"},"modified":"2023-06-30T16:22:01","modified_gmt":"2023-06-30T14:22:01","slug":"vortraege","status":"publish","type":"page","link":"https:\/\/tangorra.de\/en\/kunstvermittlung\/vortraege\/","title":{"rendered":"Vortr\u00e4ge"},"content":{"rendered":"<h2 class=\"wp-block-heading\">Bildvortr\u00e4ge nach Themen:<\/h2>\n\n\n\n<h2 class=\"wp-block-heading\">K\u00fcnstlerportraits | Monographien<\/h2>\n\n\n\n<div style=\"height:25px\" aria-hidden=\"true\" class=\"wp-block-spacer\"><\/div>\n\n\n\n<h4 class=\"wp-block-heading\"><em>Artemisia Gentileschi<\/em><\/h4>\n\n\n\n<p>Artemisia Gentileschi, 1593 in Rom geboren, erbte ihre Leidenschaft f\u00fcr die Malerei von ihrem Vater Orazio, eines der fr\u00fchesten Nachfolger von Caravaggio. Bald verstand sie, wie schwer es f\u00fcr eine junge Frau sein konnte sich privat und beruflich in jener Epoche zu behaupten. Artemisia akzeptierte ihr Schicksal jedoch nicht, sondern k\u00e4mpfte f\u00fcr ihre Rechte, und fand durch die Kunst einen Weg Schmerz und Ausgrenzung in Sch\u00f6nheit zu sublimieren. Ihr \u00fcberragendes Talent wurde von vielen Zeitgenossen dennoch hoch gesch\u00e4tzt. F\u00fcr uns offenbart sich in ihren kraftvollen Gem\u00e4lden die unbeugsame Willenskraft einer selbst\u00e4ndig denkenden Frau.<\/p>\n\n\n\n<h4 class=\"wp-block-heading\"><br><em>Gaetano Pesce, Designer, Architekt und K\u00fcnstler<\/em>.<\/h4>\n\n\n\n<p>Gaetano Pesce hat wie kein anderer die Welt des Designs in den sp\u00e4ten Jahrzehnten des XX. Jhr. gepr\u00e4gt.<br>Bunt, verspielt, aussergew\u00f6hnlich und bandbrechend ist sein Werk; ironisch, kultiviert und genial sein Sch\u00f6pfer. <br>Beide sind heute Ikonen f\u00fcr alle Gestalter geworden. <br>Konzipiert f\u00fcr die Woche der Italienische Sprache, in Vitra Design Museum, Weil am Rhein<\/p>\n\n\n\n<h4 class=\"wp-block-heading\"><br><em>Leonardo da Vinci, der Mensch und das Genie<\/em><\/h4>\n\n\n\n<p>Eine Ann\u00e4herung an den Mensch, der ein Genie war. Durch die Stationen seines langen Lebens, auf die Spur der Entstehung seiner Meisterwerke der Kunst und der Wissenschaft. <\/p>\n\n\n\n<h4 class=\"wp-block-heading\"><br>Leonardo in Mailand<\/h4>\n\n\n\n<p>Leonardo da Vinci verbrachte viele f\u00fcr sein Wirken fruchtbaren und f\u00fcr ihn pers\u00f6nlich gl\u00fccklichen Jahren in der Stadt Mailand. Seine Schritte folgend, gehen wir durch die vielbesch\u00e4ftige Metropole Norditaliens auf die Suche seiner dort noch erhaltenen Werke der Kunst und des Ingenieurswesens. <\/p>\n\n\n\n<h4 class=\"wp-block-heading\"><br><em>Raffael, der G\u00f6ttliche und das Ideal der Sch\u00f6nheit.<\/em><\/h4>\n\n\n\n<p>Vor 500 Jahre stand die Stadt Rom unter Schock: Raffaello Sanzio, der \u201eg\u00f6ttlich inspirierte K\u00fcnstler\u201c, der auch ein geschickter und kommunikativer Unternehmer war, stirbt mit 37 Jahren am Karfreitag des Jahres 1520. Der Mythos um den Hochbegabten aus Urbino, der die Malerei der Hochrenaissance zu ihrer absoluten Bl\u00fcte f\u00fchrte, nimmt seinen Lauf.&nbsp; Kaum ein Maler wurde so ber\u00fchmt f\u00fcr seine Madonnenbilder, die perfekte Harmonie und klassische Sch\u00f6nheit ausstrahlen. In ihnen erkannte bereits Giorgio Vasari im 16. Jahrhundert eine die Natur \u00fcbersteigende Vollkommenheit (It: <em>grazia<\/em>). Weniger bekannt hingegen sind die erotischen Darstellungen f\u00fcr ein privates Gartensaal oder seine akribische Forschungsarbeit antiquarischer Funden in Rom.&nbsp; Umso interessanter ist es anhand seiner Biografie und seinen Bildern, dem Hofk\u00fcnstler hinter dem Genie auf die Spur zu kommen.&nbsp;<\/p>\n\n\n\n<div style=\"height:25px\" aria-hidden=\"true\" class=\"wp-block-spacer\"><\/div>\n\n\n\n<h2 class=\"wp-block-heading\">Gartenkunst, Kunstg\u00e4rten, G\u00e4rten und Kunst<em> <\/em><\/h2>\n\n\n\n<h4 class=\"wp-block-heading\"><br><em>Der Garten und die Malerei<\/em><\/h4>\n\n\n\n<h4 class=\"wp-block-heading\"><br><em>Mystische G\u00e4rten<\/em><\/h4>\n\n\n\n<h4 class=\"wp-block-heading\"><br><em>G\u00e4rten der Liebe<\/em><\/h4>\n\n\n\n<h4 class=\"wp-block-heading\"><br><em>Kennst Du das Land, wo die Zitronen bl\u00fchen?<\/em><br><\/h4>\n\n\n\n<p>Die G\u00e4rten Italiens, vom Norden bis zu den Inseln, gegliedert in verschiedenen Stationen und Vortr\u00e4gen<\/p>\n\n\n\n<h4 class=\"wp-block-heading\"><br><em>R\u00f6mische G\u00e4rten<\/em><\/h4>\n\n\n\n<h4 class=\"wp-block-heading\"><br><em>Amerikas G\u00e4rten<\/em><\/h4>\n\n\n\n<p><\/p>\n\n\n\n<div style=\"height:25px\" aria-hidden=\"true\" class=\"wp-block-spacer\"><\/div>\n\n\n\n<h2 class=\"wp-block-heading\">Kunst und Kultur Italiens <em> <\/em><\/h2>\n\n\n\n<h4 class=\"wp-block-heading\"><br><em>Mailand, Stadt der Kunst und der Mode<\/em> <\/h4>\n\n\n\n<p>Nicht nur f\u00fcr Modebewusste: ein Spaziergang durch Sehensw\u00fcrdigkeiten, Kunsttempeln, angesagte L\u00e4den und geheime G\u00e4rten der Wirtschaftsmetropole Norditaliens.<\/p>\n\n\n\n<h4 class=\"wp-block-heading\"><br><em>Padua<\/em><\/h4>\n\n\n\n<p>\u00dcber die kultivierteste Stadt Norditaliens und ihre Kunstsch\u00e4tze.<\/p>\n\n\n\n<div style=\"height:25px\" aria-hidden=\"true\" class=\"wp-block-spacer\"><\/div>\n\n\n\n<h2 class=\"wp-block-heading\">Maltechnik <em> <\/em><\/h2>\n\n\n\n<h4 class=\"wp-block-heading\"><br><em>Farbe!  <\/em><\/h4>\n\n\n\n<p>Eine bunte Reise zwischen Anthropologie und Symbolik. Von der Chemie zur Kunst, die Sch\u00f6nheit und die Geheminisse der Farbenwelt. <\/p>\n\n\n\n<h4 class=\"wp-block-heading\"><br><em>Pompei | Romana Pictura  <\/em><\/h4>\n\n\n\n<p>In zwei Terminen: Die Ergebnisse meiner Forschung \u00fcber die altr\u00f6mischen Maltechnik und sein k\u00fcnstlerisches Erbe.<\/p>\n\n\n\n<div style=\"height:100px\" aria-hidden=\"true\" class=\"wp-block-spacer\"><\/div>\n\n\n\n<p><\/p>","protected":false},"excerpt":{"rendered":"<p>Bildvortr\u00e4ge nach Themen: K\u00fcnstlerportraits | Monographien Artemisia Gentileschi Artemisia Gentileschi, 1593 in Rom geboren, erbte ihre Leidenschaft f\u00fcr die Malerei von ihrem Vater Orazio, eines der fr\u00fchesten Nachfolger von Caravaggio. Bald verstand sie, wie schwer es f\u00fcr eine junge Frau sein konnte sich privat und beruflich in jener Epoche zu behaupten. Artemisia akzeptierte ihr Schicksal [&hellip;]<\/p>","protected":false},"author":1,"featured_media":0,"parent":16,"menu_order":0,"comment_status":"closed","ping_status":"closed","template":"","meta":{"footnotes":""},"class_list":["post-86","page","type-page","status-publish","hentry"],"_links":{"self":[{"href":"https:\/\/tangorra.de\/en\/wp-json\/wp\/v2\/pages\/86","targetHints":{"allow":["GET"]}}],"collection":[{"href":"https:\/\/tangorra.de\/en\/wp-json\/wp\/v2\/pages"}],"about":[{"href":"https:\/\/tangorra.de\/en\/wp-json\/wp\/v2\/types\/page"}],"author":[{"embeddable":true,"href":"https:\/\/tangorra.de\/en\/wp-json\/wp\/v2\/users\/1"}],"replies":[{"embeddable":true,"href":"https:\/\/tangorra.de\/en\/wp-json\/wp\/v2\/comments?post=86"}],"version-history":[{"count":54,"href":"https:\/\/tangorra.de\/en\/wp-json\/wp\/v2\/pages\/86\/revisions"}],"predecessor-version":[{"id":726,"href":"https:\/\/tangorra.de\/en\/wp-json\/wp\/v2\/pages\/86\/revisions\/726"}],"up":[{"embeddable":true,"href":"https:\/\/tangorra.de\/en\/wp-json\/wp\/v2\/pages\/16"}],"wp:attachment":[{"href":"https:\/\/tangorra.de\/en\/wp-json\/wp\/v2\/media?parent=86"}],"curies":[{"name":"wp","href":"https:\/\/api.w.org\/{rel}","templated":true}]}}