{"id":93,"date":"2022-09-26T12:50:48","date_gmt":"2022-09-26T10:50:48","guid":{"rendered":"http:\/\/localhost:8888\/tangorra-wp\/?page_id=93"},"modified":"2023-02-12T17:11:38","modified_gmt":"2023-02-12T16:11:38","slug":"genius-ioci","status":"publish","type":"page","link":"https:\/\/tangorra.de\/en\/texte\/genius-ioci\/","title":{"rendered":"Genius loci"},"content":{"rendered":"<h2 class=\"wp-block-heading\">Zum Werk in situ &#8222;Genius loci&#8220;, Kunst im Fauler Bad, Freiburg<\/h2>\n\n\n\n<h4 class=\"wp-block-heading\">2017<\/h4>\n\n\n\n<p><\/p>\n\n\n\n<p>Ganz besonderen Orten scheint ein \u201eGeist\u201c inne zu wohnen, der wenn man so will, seelisch wirksam ist und diesen Ort \u00fcber den Zustand des reinen \u00e4sthetisch-sch\u00f6nen hinaus und\u00a0heraus hebt, der\u00a0<em>genius loci<\/em>. Der lateinische Begriff bedeutet w\u00f6rtlich \u00fcbersetzt \u201eder Geist des Ortes\u201c. Mit Geist war urspr\u00fcnglich in der r\u00f6mischen Mythologie ein Schutzgeist (Genius) gemeint, der neben religi\u00f6sen Orten auch profane Bauten und Landschaften innewohnte. In der Tradition des monotheistischen Christentums wird der Begriff Geist allerdings anders definiert, und zwar als eine nicht genau zu bestimmende Spiritualit\u00e4t. In diesem Sinne bezeichnet\u00a0<em>genius loci<\/em>\u00a0die geistige Atmosph\u00e4re eines Ortes, die durch den Geist der Menschen gepr\u00e4gt sein soll, die sich dort aufgehalten haben oder noch aufhalten.*<br>Immer mehr Menschen sind auf der Suche nach Authentizit\u00e4t \u2013 nicht nur in Menschen, sondern auch in der Landschaft. Die Tourismusindustrie versucht mit gro\u00dfem finanziellen Aufwand diese Authentizit\u00e4t k\u00fcnstlich zu reproduzieren. Architekten, Stadtplaner und Landscape designers verwirklichen ihre Ideen oft wie am Flie\u00dfband und bauen H\u00e4user, Pl\u00e4tze und Stadtparks ohne auf die Stimmung, auf die Geschichte, in einem Wort auf die Kultur eines Ortes ihre Aufmerksamkeit zu richten. So beschreiten wir und bewohnen wir heute Orte, die gar keinen inspirierenden und sch\u00fctzenden Geist mehr zu haben scheinen.<br>Um wirklich authentisch zu sein, m\u00fcssen sich aber Orte und Regionen auf die Suche nach ihrem Kern begeben. Den\u00a0<em>genius loci<\/em>\u00a0eines Ortes oder einer Region zu suchen, bedeutet die Wiederentdeckung der urspr\u00fcnglichen Information des Ortes, seine fundamentalen Charakteristiken, seine Werte, seine eigene Pers\u00f6nlichkeit.** Die Palette dessen,&#8220; so der Philosoph Robert Kozljanic \u201e was\u00a0<em>genius loci<\/em>\u00a0sein soll, reicht dabei von der rein metaphorischen und rhetorischen Bedeutung des Wortes \u00fcber die geschichtliche eines an einem Ort erscheinenden \u201eZeitgeistes\u201c und eines soziokulturell konstruierten \u201eOrtsgeistes\u201c, ferner \u00fcber die Bedeutungen von \u00f6kologischen, \u00e4sthetischen und syn\u00e4sthetischen Qualit\u00e4ten von Orten bis hin zu ortsgebundenen \u201eEnergiefeldern\u201c und \u201eortsans\u00e4ssigen\u201c Naturgeistern\u201c.<br>Er ist auf jeden Fall der Kern des Ortes. Seine Seele. Da f\u00fchlen wir uns wohl.<br>So habe ich einen kleinen, goldenen\u00a0<em>genius loci<\/em>, aus dem so viel Energie und Inspiration, hier in Form von Kraftlinien und Farben ausgehen mit einem WECK-Glas gesch\u00fctzt.Denn es gilt ihn, davon bin ich \u00fcberzeugt,\u00a0 mit Muse zu erkennen und f\u00fcr die zuk\u00fcnftige Zeit zu bewahren.<\/p>\n\n\n\n<p>* &#8222;Genius Loci &#8211; Der Geist des Ortes&#8220; Ausschreibungstext SMACH, Constellation of art, culture &amp; history in the Dolomites, 2013 &nbsp;<\/p>\n\n\n\n<p>** Manfred Kohl, &#8222;Genius Loci in Destinationen&#8220;, Tourismuspreesse, 22. Februar 2017<\/p>","protected":false},"excerpt":{"rendered":"<p>Zum Werk in situ &#8222;Genius loci&#8220;, Kunst im Fauler Bad, Freiburg 2017 Ganz besonderen Orten scheint ein \u201eGeist\u201c inne zu wohnen, der wenn man so will, seelisch wirksam ist und diesen Ort \u00fcber den Zustand des reinen \u00e4sthetisch-sch\u00f6nen hinaus und\u00a0heraus hebt, der\u00a0genius loci. Der lateinische Begriff bedeutet w\u00f6rtlich \u00fcbersetzt \u201eder Geist des Ortes\u201c. Mit Geist [&hellip;]<\/p>","protected":false},"author":1,"featured_media":0,"parent":18,"menu_order":3,"comment_status":"closed","ping_status":"closed","template":"","meta":{"footnotes":""},"class_list":["post-93","page","type-page","status-publish","hentry"],"_links":{"self":[{"href":"https:\/\/tangorra.de\/en\/wp-json\/wp\/v2\/pages\/93","targetHints":{"allow":["GET"]}}],"collection":[{"href":"https:\/\/tangorra.de\/en\/wp-json\/wp\/v2\/pages"}],"about":[{"href":"https:\/\/tangorra.de\/en\/wp-json\/wp\/v2\/types\/page"}],"author":[{"embeddable":true,"href":"https:\/\/tangorra.de\/en\/wp-json\/wp\/v2\/users\/1"}],"replies":[{"embeddable":true,"href":"https:\/\/tangorra.de\/en\/wp-json\/wp\/v2\/comments?post=93"}],"version-history":[{"count":8,"href":"https:\/\/tangorra.de\/en\/wp-json\/wp\/v2\/pages\/93\/revisions"}],"predecessor-version":[{"id":219,"href":"https:\/\/tangorra.de\/en\/wp-json\/wp\/v2\/pages\/93\/revisions\/219"}],"up":[{"embeddable":true,"href":"https:\/\/tangorra.de\/en\/wp-json\/wp\/v2\/pages\/18"}],"wp:attachment":[{"href":"https:\/\/tangorra.de\/en\/wp-json\/wp\/v2\/media?parent=93"}],"curies":[{"name":"wp","href":"https:\/\/api.w.org\/{rel}","templated":true}]}}